{"id":9,"date":"2023-01-10T12:09:46","date_gmt":"2023-01-10T12:09:46","guid":{"rendered":"https:\/\/dreamfix.com.br\/letshof\/?page_id=9"},"modified":"2026-02-05T19:13:19","modified_gmt":"2026-02-05T19:13:19","slug":"home","status":"publish","type":"page","link":"https:\/\/dreamfix.com.br\/renaissance\/","title":{"rendered":"Home"},"content":{"rendered":"\t\t<div data-elementor-type=\"wp-page\" data-elementor-id=\"9\" class=\"elementor elementor-9\" data-elementor-post-type=\"page\">\n\t\t\t\t\t\t<section class=\"elementor-section elementor-top-section elementor-element elementor-element-ac483b2 elementor-section-boxed elementor-section-height-default elementor-section-height-default\" data-id=\"ac483b2\" data-element_type=\"section\" data-settings=\"{&quot;background_background&quot;:&quot;classic&quot;}\">\n\t\t\t\t\t\t\t<div class=\"elementor-background-overlay\"><\/div>\n\t\t\t\t\t\t\t<div class=\"elementor-container elementor-column-gap-default\">\n\t\t\t\t\t<div class=\"elementor-column elementor-col-50 elementor-top-column elementor-element elementor-element-57328ee\" data-id=\"57328ee\" data-element_type=\"column\">\n\t\t\t<div class=\"elementor-widget-wrap elementor-element-populated\">\n\t\t\t\t\t\t<div class=\"elementor-element elementor-element-39bdef28 elementor-widget__width-inherit elementor-widget elementor-widget-heading\" data-id=\"39bdef28\" data-element_type=\"widget\" data-widget_type=\"heading.default\">\n\t\t\t\t<div class=\"elementor-widget-container\">\n\t\t\t\t\t<h1 class=\"elementor-heading-title elementor-size-default\">D\u00ea boas vindas ao seu novo sorriso.<\/h1>\t\t\t\t<\/div>\n\t\t\t\t<\/div>\n\t\t\t\t<div class=\"elementor-element elementor-element-0c03414 elementor-widget__width-initial elementor-widget elementor-widget-text-editor\" data-id=\"0c03414\" data-element_type=\"widget\" data-widget_type=\"text-editor.default\">\n\t\t\t\t<div class=\"elementor-widget-container\">\n\t\t\t\t\t\t\t\t\t<p><strong>Nossa equipe de profissionais altamente qualificados<\/strong> est\u00e1 pronta para transformar seu sorriso e garantir sua sa\u00fade bucal.<\/p>\t\t\t\t\t\t\t\t<\/div>\n\t\t\t\t<\/div>\n\t\t\t\t<div class=\"elementor-element elementor-element-ba6ab51 elementor-align-left elementor-mobile-align-left elementor-widget__width-initial elementor-widget elementor-widget-button\" data-id=\"ba6ab51\" data-element_type=\"widget\" data-widget_type=\"button.default\">\n\t\t\t\t<div class=\"elementor-widget-container\">\n\t\t\t\t\t\t\t\t\t<div class=\"elementor-button-wrapper\">\n\t\t\t\t\t<a class=\"elementor-button elementor-button-link elementor-size-sm\" href=\"https:\/\/dreamfix.com.br\/renaissance\/quem-somos\/\">\n\t\t\t\t\t\t<span class=\"elementor-button-content-wrapper\">\n\t\t\t\t\t\t\t\t\t<span class=\"elementor-button-text\">Saiba mais<\/span>\n\t\t\t\t\t<\/span>\n\t\t\t\t\t<\/a>\n\t\t\t\t<\/div>\n\t\t\t\t\t\t\t\t<\/div>\n\t\t\t\t<\/div>\n\t\t\t\t<div class=\"elementor-element elementor-element-0f197d5 elementor-align-left elementor-mobile-align-left elementor-widget__width-initial elementor-hidden-mobile elementor-widget elementor-widget-button\" data-id=\"0f197d5\" data-element_type=\"widget\" data-widget_type=\"button.default\">\n\t\t\t\t<div class=\"elementor-widget-container\">\n\t\t\t\t\t\t\t\t\t<div class=\"elementor-button-wrapper\">\n\t\t\t\t\t<a class=\"elementor-button elementor-button-link elementor-size-sm\" href=\"https:\/\/dreamfix.com.br\/renaissance\/contato\/\">\n\t\t\t\t\t\t<span class=\"elementor-button-content-wrapper\">\n\t\t\t\t\t\t\t\t\t<span class=\"elementor-button-text\">Contato<\/span>\n\t\t\t\t\t<\/span>\n\t\t\t\t\t<\/a>\n\t\t\t\t<\/div>\n\t\t\t\t\t\t\t\t<\/div>\n\t\t\t\t<\/div>\n\t\t\t\t\t<\/div>\n\t\t<\/div>\n\t\t\t\t<div class=\"elementor-column elementor-col-50 elementor-top-column elementor-element elementor-element-df7cdc5\" data-id=\"df7cdc5\" data-element_type=\"column\">\n\t\t\t<div class=\"elementor-widget-wrap\">\n\t\t\t\t\t\t\t<\/div>\n\t\t<\/div>\n\t\t\t\t\t<\/div>\n\t\t<\/section>\n\t\t\t\t<section class=\"elementor-section elementor-top-section elementor-element elementor-element-c346482 elementor-section-boxed elementor-section-height-default elementor-section-height-default\" data-id=\"c346482\" data-element_type=\"section\" data-settings=\"{&quot;background_background&quot;:&quot;classic&quot;}\">\n\t\t\t\t\t\t\t<div class=\"elementor-background-overlay\"><\/div>\n\t\t\t\t\t\t\t<div class=\"elementor-container elementor-column-gap-default\">\n\t\t\t\t\t<div class=\"elementor-column elementor-col-50 elementor-top-column elementor-element elementor-element-ae6745d\" data-id=\"ae6745d\" data-element_type=\"column\" data-settings=\"{&quot;background_background&quot;:&quot;classic&quot;}\">\n\t\t\t<div class=\"elementor-widget-wrap elementor-element-populated\">\n\t\t\t\t\t\t<div class=\"elementor-element elementor-element-e5d7588 elementor-widget elementor-widget-image\" data-id=\"e5d7588\" data-element_type=\"widget\" data-widget_type=\"image.default\">\n\t\t\t\t<div class=\"elementor-widget-container\">\n\t\t\t\t\t\t\t\t\t\t\t\t\t\t\t<img fetchpriority=\"high\" decoding=\"async\" width=\"683\" height=\"1024\" src=\"https:\/\/dreamfix.com.br\/renaissance\/wp-content\/uploads\/2023\/08\/dentist-683x1024.jpg\" class=\"attachment-large size-large wp-image-3440\" alt=\"\" srcset=\"https:\/\/dreamfix.com.br\/renaissance\/wp-content\/uploads\/2023\/08\/dentist-683x1024.jpg 683w, https:\/\/dreamfix.com.br\/renaissance\/wp-content\/uploads\/2023\/08\/dentist-200x300.jpg 200w, https:\/\/dreamfix.com.br\/renaissance\/wp-content\/uploads\/2023\/08\/dentist-768x1152.jpg 768w, https:\/\/dreamfix.com.br\/renaissance\/wp-content\/uploads\/2023\/08\/dentist.jpg 800w\" sizes=\"(max-width: 683px) 100vw, 683px\" \/>\t\t\t\t\t\t\t\t\t\t\t\t\t\t\t<\/div>\n\t\t\t\t<\/div>\n\t\t\t\t\t<\/div>\n\t\t<\/div>\n\t\t\t\t<div class=\"elementor-column elementor-col-50 elementor-top-column elementor-element elementor-element-0f6aa4c\" data-id=\"0f6aa4c\" data-element_type=\"column\" data-settings=\"{&quot;background_background&quot;:&quot;classic&quot;}\">\n\t\t\t<div class=\"elementor-widget-wrap elementor-element-populated\">\n\t\t\t\t\t\t<div class=\"elementor-element elementor-element-012d656 elementor-widget__width-inherit elementor-widget elementor-widget-heading\" data-id=\"012d656\" data-element_type=\"widget\" data-widget_type=\"heading.default\">\n\t\t\t\t<div class=\"elementor-widget-container\">\n\t\t\t\t\t<h1 class=\"elementor-heading-title elementor-size-default\">Transformar sorrisos \u00e9 escrever novas hist\u00f3rias<\/h1>\t\t\t\t<\/div>\n\t\t\t\t<\/div>\n\t\t\t\t<div class=\"elementor-element elementor-element-56bdee8 elementor-widget__width-inherit elementor-widget elementor-widget-text-editor\" data-id=\"56bdee8\" data-element_type=\"widget\" data-widget_type=\"text-editor.default\">\n\t\t\t\t<div class=\"elementor-widget-container\">\n\t\t\t\t\t\t\t\t\t<p>Bem-vindo \u00e0 Cl\u00ednica Odontol\u00f3gica Renaissance em Salvador! Oferecemos cuidados odontol\u00f3gicos de qualidade, combinando a mais recente tecnologia com uma abordagem humanizada.<\/p><p>Na Cl\u00ednica Renaissance, acreditamos que cada paciente merece aten\u00e7\u00e3o individualizada. Nossa equipe \u00e9 apaixonada por proporcionar um ambiente acolhedor e confort\u00e1vel, onde voc\u00ea pode receber o tratamento odontol\u00f3gico de que precisa. Com anos de experi\u00eancia em diversas \u00e1reas da odontologia, estamos comprometidos em restaurar e real\u00e7ar os sorrisos dos nossos pacientes.<\/p>\t\t\t\t\t\t\t\t<\/div>\n\t\t\t\t<\/div>\n\t\t\t\t<div class=\"elementor-element elementor-element-a2d9f89 elementor-align-left elementor-mobile-align-left elementor-widget__width-inherit elementor-widget elementor-widget-button\" data-id=\"a2d9f89\" data-element_type=\"widget\" data-widget_type=\"button.default\">\n\t\t\t\t<div class=\"elementor-widget-container\">\n\t\t\t\t\t\t\t\t\t<div class=\"elementor-button-wrapper\">\n\t\t\t\t\t<a class=\"elementor-button elementor-button-link elementor-size-sm\" href=\"https:\/\/dreamfix.com.br\/renaissance\/quem-somos\/\">\n\t\t\t\t\t\t<span class=\"elementor-button-content-wrapper\">\n\t\t\t\t\t\t\t\t\t<span class=\"elementor-button-text\">Saiba mais<\/span>\n\t\t\t\t\t<\/span>\n\t\t\t\t\t<\/a>\n\t\t\t\t<\/div>\n\t\t\t\t\t\t\t\t<\/div>\n\t\t\t\t<\/div>\n\t\t\t\t\t<\/div>\n\t\t<\/div>\n\t\t\t\t\t<\/div>\n\t\t<\/section>\n\t\t\t\t<section class=\"elementor-section elementor-top-section elementor-element elementor-element-1345024 elementor-section-boxed elementor-section-height-default elementor-section-height-default\" data-id=\"1345024\" data-element_type=\"section\" data-settings=\"{&quot;background_background&quot;:&quot;classic&quot;}\">\n\t\t\t\t\t\t\t<div class=\"elementor-background-overlay\"><\/div>\n\t\t\t\t\t\t\t<div class=\"elementor-container elementor-column-gap-default\">\n\t\t\t\t\t<div class=\"elementor-column elementor-col-100 elementor-top-column elementor-element elementor-element-b10d1f0\" data-id=\"b10d1f0\" data-element_type=\"column\" data-settings=\"{&quot;background_background&quot;:&quot;classic&quot;}\">\n\t\t\t<div class=\"elementor-widget-wrap elementor-element-populated\">\n\t\t\t\t\t\t<div class=\"elementor-element elementor-element-bbf1c63 elementor-widget__width-inherit elementor-widget elementor-widget-heading\" data-id=\"bbf1c63\" data-element_type=\"widget\" data-widget_type=\"heading.default\">\n\t\t\t\t<div class=\"elementor-widget-container\">\n\t\t\t\t\t<h1 class=\"elementor-heading-title elementor-size-default\">Nossos tratamentos<\/h1>\t\t\t\t<\/div>\n\t\t\t\t<\/div>\n\t\t\t\t<div class=\"elementor-element elementor-element-b777492 elementor-widget-divider--view-line elementor-widget elementor-widget-divider\" data-id=\"b777492\" data-element_type=\"widget\" data-widget_type=\"divider.default\">\n\t\t\t\t<div class=\"elementor-widget-container\">\n\t\t\t\t\t\t\t<div class=\"elementor-divider\">\n\t\t\t<span class=\"elementor-divider-separator\">\n\t\t\t\t\t\t<\/span>\n\t\t<\/div>\n\t\t\t\t\t\t<\/div>\n\t\t\t\t<\/div>\n\t\t\t\t<section class=\"elementor-section elementor-inner-section elementor-element elementor-element-81e92d2 elementor-section-boxed elementor-section-height-default elementor-section-height-default\" data-id=\"81e92d2\" data-element_type=\"section\">\n\t\t\t\t\t\t<div class=\"elementor-container elementor-column-gap-default\">\n\t\t\t\t\t<div class=\"elementor-column elementor-col-33 elementor-inner-column elementor-element elementor-element-42c5ca0\" data-id=\"42c5ca0\" data-element_type=\"column\">\n\t\t\t<div class=\"elementor-widget-wrap elementor-element-populated\">\n\t\t\t\t\t\t<div class=\"elementor-element elementor-element-64b68b5 elementor-widget elementor-widget-image\" data-id=\"64b68b5\" data-element_type=\"widget\" data-widget_type=\"image.default\">\n\t\t\t\t<div class=\"elementor-widget-container\">\n\t\t\t\t\t\t\t\t\t\t\t\t\t\t\t<img decoding=\"async\" src=\"https:\/\/dreamfix.com.br\/renaissance\/wp-content\/uploads\/elementor\/thumbs\/2020-06-cuidados-pos-operatorio-para-a-cirurgia-de-implante-dentario-1280x720-1-qbcs85cxpkycucb1rjiagud2fy9r99hu3r6mkghmts.jpg\" title=\"2020-06-cuidados-pos-operatorio-para-a-cirurgia-de-implante-dentario-1280&#215;720\" alt=\"2020-06-cuidados-pos-operatorio-para-a-cirurgia-de-implante-dentario-1280x720\" loading=\"lazy\" \/>\t\t\t\t\t\t\t\t\t\t\t\t\t\t\t<\/div>\n\t\t\t\t<\/div>\n\t\t\t\t<div class=\"elementor-element elementor-element-5a6ab70 elementor-widget__width-initial elementor-widget elementor-widget-text-editor\" data-id=\"5a6ab70\" data-element_type=\"widget\" data-widget_type=\"text-editor.default\">\n\t\t\t\t<div class=\"elementor-widget-container\">\n\t\t\t\t\t\t\t\t\t<p>01. <strong>Implantes\u00a0<\/strong><\/p>\t\t\t\t\t\t\t\t<\/div>\n\t\t\t\t<\/div>\n\t\t\t\t<div class=\"elementor-element elementor-element-528ff51 elementor-widget__width-initial elementor-widget elementor-widget-text-editor\" data-id=\"528ff51\" data-element_type=\"widget\" data-widget_type=\"text-editor.default\">\n\t\t\t\t<div class=\"elementor-widget-container\">\n\t\t\t\t\t\t\t\t\t<p>Uma gama completa de op\u00e7\u00f5es de implantes dent\u00e1rios, incluindo t\u00e9cnicas avan\u00e7adas, como implantes guiados por computador e implantes zigom\u00e1ticos para casos mais complexos de perda \u00f3ssea.<\/p>\t\t\t\t\t\t\t\t<\/div>\n\t\t\t\t<\/div>\n\t\t\t\t<div class=\"elementor-element elementor-element-9cfd6af elementor-align-left elementor-mobile-align-left elementor-widget__width-inherit elementor-widget elementor-widget-button\" data-id=\"9cfd6af\" data-element_type=\"widget\" data-widget_type=\"button.default\">\n\t\t\t\t<div class=\"elementor-widget-container\">\n\t\t\t\t\t\t\t\t\t<div class=\"elementor-button-wrapper\">\n\t\t\t\t\t<a class=\"elementor-button elementor-button-link elementor-size-sm\" href=\"https:\/\/dreamfix.com.br\/renaissance\/implantesdentarios\/\">\n\t\t\t\t\t\t<span class=\"elementor-button-content-wrapper\">\n\t\t\t\t\t\t\t\t\t<span class=\"elementor-button-text\">Saiba mais<\/span>\n\t\t\t\t\t<\/span>\n\t\t\t\t\t<\/a>\n\t\t\t\t<\/div>\n\t\t\t\t\t\t\t\t<\/div>\n\t\t\t\t<\/div>\n\t\t\t\t\t<\/div>\n\t\t<\/div>\n\t\t\t\t<div class=\"elementor-column elementor-col-33 elementor-inner-column elementor-element elementor-element-17ede7d\" data-id=\"17ede7d\" data-element_type=\"column\">\n\t\t\t<div class=\"elementor-widget-wrap elementor-element-populated\">\n\t\t\t\t\t\t<div class=\"elementor-element elementor-element-4a669e8 elementor-widget elementor-widget-image\" data-id=\"4a669e8\" data-element_type=\"widget\" data-widget_type=\"image.default\">\n\t\t\t\t<div class=\"elementor-widget-container\">\n\t\t\t\t\t\t\t\t\t\t\t\t\t\t\t<img decoding=\"async\" src=\"https:\/\/dreamfix.com.br\/renaissance\/wp-content\/uploads\/elementor\/thumbs\/implante-dentario-1-scaled-1-qbcs7ys2dqpcl2kltynwhe0ua966rdrpqum87ire1c.jpeg\" title=\"implante-dentario-1-scaled-1\" alt=\"implante-dentario-1-scaled-1\" loading=\"lazy\" \/>\t\t\t\t\t\t\t\t\t\t\t\t\t\t\t<\/div>\n\t\t\t\t<\/div>\n\t\t\t\t<div class=\"elementor-element elementor-element-c1e9ef3 elementor-widget__width-initial elementor-widget elementor-widget-text-editor\" data-id=\"c1e9ef3\" data-element_type=\"widget\" data-widget_type=\"text-editor.default\">\n\t\t\t\t<div class=\"elementor-widget-container\">\n\t\t\t\t\t\t\t\t\t<p>02. <strong>Periodontia<\/strong><\/p>\t\t\t\t\t\t\t\t<\/div>\n\t\t\t\t<\/div>\n\t\t\t\t<div class=\"elementor-element elementor-element-43d2ad9 elementor-widget__width-initial elementor-widget elementor-widget-text-editor\" data-id=\"43d2ad9\" data-element_type=\"widget\" data-widget_type=\"text-editor.default\">\n\t\t\t\t<div class=\"elementor-widget-container\">\n\t\t\t\t\t\t\t\t\t<p>Nossa equipe de endodontistas \u00e9 especializada em tratamentos de canal, lidando com condi\u00e7\u00f5es como c\u00e1ries profundas e infec\u00e7\u00f5es dent\u00e1rias. Utilizamos t\u00e9cnicas modernas, como microsc\u00f3pios e instrumentos de alta precis\u00e3o.<\/p>\t\t\t\t\t\t\t\t<\/div>\n\t\t\t\t<\/div>\n\t\t\t\t<div class=\"elementor-element elementor-element-9eb71e3 elementor-align-left elementor-mobile-align-left elementor-widget__width-inherit elementor-widget elementor-widget-button\" data-id=\"9eb71e3\" data-element_type=\"widget\" data-widget_type=\"button.default\">\n\t\t\t\t<div class=\"elementor-widget-container\">\n\t\t\t\t\t\t\t\t\t<div class=\"elementor-button-wrapper\">\n\t\t\t\t\t<a class=\"elementor-button elementor-button-link elementor-size-sm\" href=\"https:\/\/dreamfix.com.br\/renaissance\/tratamentosdeperiodontia\/\">\n\t\t\t\t\t\t<span class=\"elementor-button-content-wrapper\">\n\t\t\t\t\t\t\t\t\t<span class=\"elementor-button-text\">Saiba mais<\/span>\n\t\t\t\t\t<\/span>\n\t\t\t\t\t<\/a>\n\t\t\t\t<\/div>\n\t\t\t\t\t\t\t\t<\/div>\n\t\t\t\t<\/div>\n\t\t\t\t\t<\/div>\n\t\t<\/div>\n\t\t\t\t<div class=\"elementor-column elementor-col-33 elementor-inner-column elementor-element elementor-element-565a39a\" data-id=\"565a39a\" data-element_type=\"column\">\n\t\t\t<div class=\"elementor-widget-wrap elementor-element-populated\">\n\t\t\t\t\t\t<div class=\"elementor-element elementor-element-730d087 elementor-widget elementor-widget-image\" data-id=\"730d087\" data-element_type=\"widget\" data-widget_type=\"image.default\">\n\t\t\t\t<div class=\"elementor-widget-container\">\n\t\t\t\t\t\t\t\t\t\t\t\t\t\t\t<img decoding=\"async\" src=\"https:\/\/dreamfix.com.br\/renaissance\/wp-content\/uploads\/elementor\/thumbs\/Reabilitacao-oral-qbcsl97x0ewaql9n87h08jagndo0lbj38modhd2028.jpg\" title=\"Reabilitacao-oral\" alt=\"Reabilitacao-oral\" loading=\"lazy\" \/>\t\t\t\t\t\t\t\t\t\t\t\t\t\t\t<\/div>\n\t\t\t\t<\/div>\n\t\t\t\t<div class=\"elementor-element elementor-element-83a66b4 elementor-widget__width-initial elementor-widget elementor-widget-text-editor\" data-id=\"83a66b4\" data-element_type=\"widget\" data-widget_type=\"text-editor.default\">\n\t\t\t\t<div class=\"elementor-widget-container\">\n\t\t\t\t\t\t\t\t\t<p>03. <strong>Reabilita\u00e7\u00e3o Oral<\/strong><\/p>\t\t\t\t\t\t\t\t<\/div>\n\t\t\t\t<\/div>\n\t\t\t\t<div class=\"elementor-element elementor-element-0400ade elementor-widget__width-initial elementor-widget elementor-widget-text-editor\" data-id=\"0400ade\" data-element_type=\"widget\" data-widget_type=\"text-editor.default\">\n\t\t\t\t<div class=\"elementor-widget-container\">\n\t\t\t\t\t\t\t\t\t<p>Servi\u00e7os de reabilita\u00e7\u00e3o oral abrangentes, incluindo tratamentos multidisciplinares que abordam problemas est\u00e9ticos e funcionais, muitas vezes envolvendo pr\u00f3teses dent\u00e1rias avan\u00e7adas.<\/p>\t\t\t\t\t\t\t\t<\/div>\n\t\t\t\t<\/div>\n\t\t\t\t<div class=\"elementor-element elementor-element-793273f elementor-align-left elementor-mobile-align-left elementor-widget__width-inherit elementor-widget elementor-widget-button\" data-id=\"793273f\" data-element_type=\"widget\" data-widget_type=\"button.default\">\n\t\t\t\t<div class=\"elementor-widget-container\">\n\t\t\t\t\t\t\t\t\t<div class=\"elementor-button-wrapper\">\n\t\t\t\t\t<a class=\"elementor-button elementor-button-link elementor-size-sm\" href=\"https:\/\/dreamfix.com.br\/renaissance\/reabilitacaooral\/\">\n\t\t\t\t\t\t<span class=\"elementor-button-content-wrapper\">\n\t\t\t\t\t\t\t\t\t<span class=\"elementor-button-text\">Saiba mais<\/span>\n\t\t\t\t\t<\/span>\n\t\t\t\t\t<\/a>\n\t\t\t\t<\/div>\n\t\t\t\t\t\t\t\t<\/div>\n\t\t\t\t<\/div>\n\t\t\t\t\t<\/div>\n\t\t<\/div>\n\t\t\t\t\t<\/div>\n\t\t<\/section>\n\t\t\t\t\t<\/div>\n\t\t<\/div>\n\t\t\t\t\t<\/div>\n\t\t<\/section>\n\t\t\t\t<section class=\"elementor-section elementor-top-section elementor-element elementor-element-f79d46b elementor-section-boxed elementor-section-height-default elementor-section-height-default\" data-id=\"f79d46b\" data-element_type=\"section\">\n\t\t\t\t\t\t\t<div class=\"elementor-background-overlay\"><\/div>\n\t\t\t\t\t\t\t<div class=\"elementor-container elementor-column-gap-default\">\n\t\t\t\t\t<div class=\"elementor-column elementor-col-50 elementor-top-column elementor-element elementor-element-3cbd0d0\" data-id=\"3cbd0d0\" data-element_type=\"column\" data-settings=\"{&quot;background_background&quot;:&quot;classic&quot;}\">\n\t\t\t<div class=\"elementor-widget-wrap elementor-element-populated\">\n\t\t\t\t\t\t<div class=\"elementor-element elementor-element-850fb29 elementor-widget elementor-widget-image\" data-id=\"850fb29\" data-element_type=\"widget\" data-widget_type=\"image.default\">\n\t\t\t\t<div class=\"elementor-widget-container\">\n\t\t\t\t\t\t\t\t\t\t\t\t\t\t\t<img decoding=\"async\" width=\"800\" height=\"600\" src=\"https:\/\/dreamfix.com.br\/renaissance\/wp-content\/uploads\/2023\/08\/implante-6.jpg\" class=\"attachment-large size-large wp-image-4098\" alt=\"\" srcset=\"https:\/\/dreamfix.com.br\/renaissance\/wp-content\/uploads\/2023\/08\/implante-6.jpg 800w, https:\/\/dreamfix.com.br\/renaissance\/wp-content\/uploads\/2023\/08\/implante-6-300x225.jpg 300w, https:\/\/dreamfix.com.br\/renaissance\/wp-content\/uploads\/2023\/08\/implante-6-768x576.jpg 768w\" sizes=\"(max-width: 800px) 100vw, 800px\" \/>\t\t\t\t\t\t\t\t\t\t\t\t\t\t\t<\/div>\n\t\t\t\t<\/div>\n\t\t\t\t\t<\/div>\n\t\t<\/div>\n\t\t\t\t<div class=\"elementor-column elementor-col-50 elementor-top-column elementor-element elementor-element-1fa6cf4\" data-id=\"1fa6cf4\" data-element_type=\"column\" data-settings=\"{&quot;background_background&quot;:&quot;classic&quot;}\">\n\t\t\t<div class=\"elementor-widget-wrap elementor-element-populated\">\n\t\t\t\t\t\t<div class=\"elementor-element elementor-element-4bb410a elementor-widget elementor-widget-image\" data-id=\"4bb410a\" data-element_type=\"widget\" data-widget_type=\"image.default\">\n\t\t\t\t<div class=\"elementor-widget-container\">\n\t\t\t\t\t\t\t\t\t\t\t\t\t\t\t<img decoding=\"async\" width=\"800\" height=\"800\" src=\"https:\/\/dreamfix.com.br\/renaissance\/wp-content\/uploads\/2023\/08\/aspas.jpg\" class=\"attachment-large size-large wp-image-3534\" alt=\"\" srcset=\"https:\/\/dreamfix.com.br\/renaissance\/wp-content\/uploads\/2023\/08\/aspas.jpg 920w, https:\/\/dreamfix.com.br\/renaissance\/wp-content\/uploads\/2023\/08\/aspas-300x300.jpg 300w, https:\/\/dreamfix.com.br\/renaissance\/wp-content\/uploads\/2023\/08\/aspas-150x150.jpg 150w, https:\/\/dreamfix.com.br\/renaissance\/wp-content\/uploads\/2023\/08\/aspas-768x768.jpg 768w\" sizes=\"(max-width: 800px) 100vw, 800px\" \/>\t\t\t\t\t\t\t\t\t\t\t\t\t\t\t<\/div>\n\t\t\t\t<\/div>\n\t\t\t\t<div class=\"elementor-element elementor-element-9d97010 elementor-widget__width-inherit elementor-widget elementor-widget-text-editor\" data-id=\"9d97010\" data-element_type=\"widget\" data-widget_type=\"text-editor.default\">\n\t\t\t\t<div class=\"elementor-widget-container\">\n\t\t\t\t\t\t\t\t\t<div class=\"flex flex-col text-sm pb-25\"><article class=\"text-token-text-primary w-full focus:outline-none [--shadow-height:45px] has-data-writing-block:pointer-events-none has-data-writing-block:-mt-(--shadow-height) has-data-writing-block:pt-(--shadow-height) [&amp;:has([data-writing-block])&gt;*]:pointer-events-auto [content-visibility:auto] supports-[content-visibility:auto]:[contain-intrinsic-size:auto_100lvh] scroll-mt-[calc(var(--header-height)+min(200px,max(70px,20svh)))]\" dir=\"auto\" tabindex=\"-1\" data-turn-id=\"a6f26c0d-6918-44e9-83d8-5e50d2eb7e8d\" data-testid=\"conversation-turn-6\" data-scroll-anchor=\"true\" data-turn=\"assistant\"><div class=\"text-base my-auto mx-auto pb-10 [--thread-content-margin:--spacing(4)] @w-sm\/main:[--thread-content-margin:--spacing(6)] @w-lg\/main:[--thread-content-margin:--spacing(16)] px-(--thread-content-margin)\"><div class=\"[--thread-content-max-width:40rem] @w-lg\/main:[--thread-content-max-width:48rem] mx-auto max-w-(--thread-content-max-width) flex-1 group\/turn-messages focus-visible:outline-hidden relative flex w-full min-w-0 flex-col agent-turn\" tabindex=\"-1\"><div class=\"flex max-w-full flex-col grow\"><div class=\"min-h-8 text-message relative flex w-full flex-col items-end gap-2 text-start break-words whitespace-normal [.text-message+&amp;]:mt-1\" dir=\"auto\" data-message-author-role=\"assistant\" data-message-id=\"a6f26c0d-6918-44e9-83d8-5e50d2eb7e8d\" data-message-model-slug=\"gpt-5-2\"><div class=\"flex w-full flex-col gap-1 empty:hidden first:pt-[1px]\"><div class=\"markdown prose dark:prose-invert w-full wrap-break-word dark markdown-new-styling\"><p data-start=\"62\" data-end=\"718\" data-is-last-node=\"\" data-is-only-node=\"\">Sou paciente do Instituto Renaissence h\u00e1 alguns anos, mas minha hist\u00f3ria com a cl\u00ednica come\u00e7ou muito antes, atrav\u00e9s dos meus pais. Desde ent\u00e3o, pude acompanhar de perto o profissionalismo, a seriedade e a dedica\u00e7\u00e3o da equipe, valores que sempre admirei. Cada atendimento \u00e9 conduzido com cuidado, aten\u00e7\u00e3o aos detalhes e um carinho que faz toda a diferen\u00e7a. Os profissionais s\u00e3o de excelente qualidade, n\u00e3o apenas pela compet\u00eancia t\u00e9cnica, mas tamb\u00e9m pela humanidade e pelo respeito com que tratam cada pessoa que chega at\u00e9 eles. Sinto muita confian\u00e7a e gratid\u00e3o por todo o trabalho realizado, e \u00e9 por isso que continuarei escolhendo o Instituto Renaissence.<\/p><\/div><\/div><\/div><\/div><\/div><\/div><\/article><\/div>\t\t\t\t\t\t\t\t<\/div>\n\t\t\t\t<\/div>\n\t\t\t\t<div class=\"elementor-element elementor-element-0f08d20 elementor-align-left elementor-mobile-align-left elementor-widget__width-inherit elementor-widget elementor-widget-button\" data-id=\"0f08d20\" data-element_type=\"widget\" data-widget_type=\"button.default\">\n\t\t\t\t<div class=\"elementor-widget-container\">\n\t\t\t\t\t\t\t\t\t<div class=\"elementor-button-wrapper\">\n\t\t\t\t\t<a class=\"elementor-button elementor-button-link elementor-size-sm\" href=\"https:\/\/dreamfix.com.br\/renaissance\/depoimentos\/\">\n\t\t\t\t\t\t<span class=\"elementor-button-content-wrapper\">\n\t\t\t\t\t\t\t\t\t<span class=\"elementor-button-text\">Saiba mais<\/span>\n\t\t\t\t\t<\/span>\n\t\t\t\t\t<\/a>\n\t\t\t\t<\/div>\n\t\t\t\t\t\t\t\t<\/div>\n\t\t\t\t<\/div>\n\t\t\t\t\t<\/div>\n\t\t<\/div>\n\t\t\t\t\t<\/div>\n\t\t<\/section>\n\t\t\t\t<\/div>\n\t\t","protected":false},"excerpt":{"rendered":"<p>D\u00ea boas vindas ao seu novo sorriso. Nossa equipe de profissionais altamente qualificados est\u00e1 pronta para transformar seu sorriso e garantir sua sa\u00fade bucal. Saiba mais Contato Transformar sorrisos \u00e9 escrever novas hist\u00f3rias Bem-vindo \u00e0 Cl\u00ednica Odontol\u00f3gica Renaissance em Salvador! Oferecemos cuidados odontol\u00f3gicos de qualidade, combinando a mais recente tecnologia com uma abordagem humanizada. Na [&hellip;]<\/p>\n","protected":false},"author":1,"featured_media":0,"parent":0,"menu_order":0,"comment_status":"closed","ping_status":"closed","template":"elementor_header_footer","meta":{"footnotes":""},"class_list":["post-9","page","type-page","status-publish","hentry"],"_links":{"self":[{"href":"https:\/\/dreamfix.com.br\/renaissance\/wp-json\/wp\/v2\/pages\/9","targetHints":{"allow":["GET"]}}],"collection":[{"href":"https:\/\/dreamfix.com.br\/renaissance\/wp-json\/wp\/v2\/pages"}],"about":[{"href":"https:\/\/dreamfix.com.br\/renaissance\/wp-json\/wp\/v2\/types\/page"}],"author":[{"embeddable":true,"href":"https:\/\/dreamfix.com.br\/renaissance\/wp-json\/wp\/v2\/users\/1"}],"replies":[{"embeddable":true,"href":"https:\/\/dreamfix.com.br\/renaissance\/wp-json\/wp\/v2\/comments?post=9"}],"version-history":[{"count":1564,"href":"https:\/\/dreamfix.com.br\/renaissance\/wp-json\/wp\/v2\/pages\/9\/revisions"}],"predecessor-version":[{"id":4293,"href":"https:\/\/dreamfix.com.br\/renaissance\/wp-json\/wp\/v2\/pages\/9\/revisions\/4293"}],"wp:attachment":[{"href":"https:\/\/dreamfix.com.br\/renaissance\/wp-json\/wp\/v2\/media?parent=9"}],"curies":[{"name":"wp","href":"https:\/\/api.w.org\/{rel}","templated":true}]}}