{"id":2840,"date":"2023-06-21T14:09:52","date_gmt":"2023-06-21T14:09:52","guid":{"rendered":"https:\/\/dreamfix.com.br\/patricia\/?page_id=2840"},"modified":"2026-02-05T18:56:02","modified_gmt":"2026-02-05T18:56:02","slug":"depoimentos","status":"publish","type":"page","link":"https:\/\/dreamfix.com.br\/renaissance\/depoimentos\/","title":{"rendered":"Depoimentos"},"content":{"rendered":"\t\t<div data-elementor-type=\"wp-page\" data-elementor-id=\"2840\" class=\"elementor elementor-2840\" data-elementor-post-type=\"page\">\n\t\t\t\t\t\t<section class=\"elementor-section elementor-top-section elementor-element elementor-element-a3152e0 elementor-section-boxed elementor-section-height-default elementor-section-height-default\" data-id=\"a3152e0\" data-element_type=\"section\" data-settings=\"{&quot;background_background&quot;:&quot;classic&quot;}\">\n\t\t\t\t\t\t<div class=\"elementor-container elementor-column-gap-no\">\n\t\t\t\t\t<div class=\"elementor-column elementor-col-100 elementor-top-column elementor-element elementor-element-488fba7\" data-id=\"488fba7\" data-element_type=\"column\">\n\t\t\t<div class=\"elementor-widget-wrap elementor-element-populated\">\n\t\t\t\t\t\t<section class=\"elementor-section elementor-inner-section elementor-element elementor-element-7ee20d2 elementor-section-boxed elementor-section-height-default elementor-section-height-default\" data-id=\"7ee20d2\" data-element_type=\"section\">\n\t\t\t\t\t\t<div class=\"elementor-container elementor-column-gap-default\">\n\t\t\t\t\t<div class=\"elementor-column elementor-col-100 elementor-inner-column elementor-element elementor-element-6cdca2b\" data-id=\"6cdca2b\" data-element_type=\"column\">\n\t\t\t<div class=\"elementor-widget-wrap elementor-element-populated\">\n\t\t\t\t\t\t<div class=\"elementor-element elementor-element-2f33367 elementor-widget__width-initial elementor-widget-tablet__width-inherit elementor-widget-mobile__width-inherit elementor-widget elementor-widget-heading\" data-id=\"2f33367\" data-element_type=\"widget\" data-widget_type=\"heading.default\">\n\t\t\t\t<div class=\"elementor-widget-container\">\n\t\t\t\t\t<h2 class=\"elementor-heading-title elementor-size-default\">Depoimentos<\/h2>\t\t\t\t<\/div>\n\t\t\t\t<\/div>\n\t\t\t\t<div class=\"elementor-element elementor-element-c3e3810 elementor-widget__width-initial elementor-widget-tablet__width-inherit elementor-widget-mobile__width-inherit elementor-widget elementor-widget-heading\" data-id=\"c3e3810\" data-element_type=\"widget\" data-widget_type=\"heading.default\">\n\t\t\t\t<div class=\"elementor-widget-container\">\n\t\t\t\t\t<h2 class=\"elementor-heading-title elementor-size-default\">Home &gt; depoimentos<\/h2>\t\t\t\t<\/div>\n\t\t\t\t<\/div>\n\t\t\t\t\t<\/div>\n\t\t<\/div>\n\t\t\t\t\t<\/div>\n\t\t<\/section>\n\t\t\t\t\t<\/div>\n\t\t<\/div>\n\t\t\t\t\t<\/div>\n\t\t<\/section>\n\t\t\t\t<section class=\"elementor-section elementor-top-section elementor-element elementor-element-2cdf1ef elementor-section-boxed elementor-section-height-default elementor-section-height-default\" data-id=\"2cdf1ef\" data-element_type=\"section\" data-settings=\"{&quot;background_background&quot;:&quot;classic&quot;}\">\n\t\t\t\t\t\t<div class=\"elementor-container elementor-column-gap-wide\">\n\t\t\t\t\t<div class=\"elementor-column elementor-col-100 elementor-top-column elementor-element elementor-element-b5559b0\" data-id=\"b5559b0\" data-element_type=\"column\">\n\t\t\t<div class=\"elementor-widget-wrap elementor-element-populated\">\n\t\t\t\t\t\t<section class=\"elementor-section elementor-inner-section elementor-element elementor-element-4b26de0 elementor-section-boxed elementor-section-height-default elementor-section-height-default\" data-id=\"4b26de0\" data-element_type=\"section\">\n\t\t\t\t\t\t<div class=\"elementor-container elementor-column-gap-extended\">\n\t\t\t\t\t<div class=\"elementor-column elementor-col-50 elementor-inner-column elementor-element elementor-element-5a87acf\" data-id=\"5a87acf\" data-element_type=\"column\" data-settings=\"{&quot;background_background&quot;:&quot;classic&quot;}\">\n\t\t\t<div class=\"elementor-widget-wrap elementor-element-populated\">\n\t\t\t\t\t\t<div class=\"elementor-element elementor-element-34c0381 elementor-widget elementor-widget-image\" data-id=\"34c0381\" data-element_type=\"widget\" data-widget_type=\"image.default\">\n\t\t\t\t<div class=\"elementor-widget-container\">\n\t\t\t\t\t\t\t\t\t\t\t\t\t\t\t<img fetchpriority=\"high\" decoding=\"async\" width=\"800\" height=\"800\" src=\"https:\/\/dreamfix.com.br\/renaissance\/wp-content\/uploads\/2023\/08\/aspas.jpg\" class=\"attachment-large size-large wp-image-3534\" alt=\"\" srcset=\"https:\/\/dreamfix.com.br\/renaissance\/wp-content\/uploads\/2023\/08\/aspas.jpg 920w, https:\/\/dreamfix.com.br\/renaissance\/wp-content\/uploads\/2023\/08\/aspas-300x300.jpg 300w, https:\/\/dreamfix.com.br\/renaissance\/wp-content\/uploads\/2023\/08\/aspas-150x150.jpg 150w, https:\/\/dreamfix.com.br\/renaissance\/wp-content\/uploads\/2023\/08\/aspas-768x768.jpg 768w\" sizes=\"(max-width: 800px) 100vw, 800px\" \/>\t\t\t\t\t\t\t\t\t\t\t\t\t\t\t<\/div>\n\t\t\t\t<\/div>\n\t\t\t\t<div class=\"elementor-element elementor-element-5afb76c elementor-widget__width-inherit elementor-widget-tablet__width-inherit elementor-widget elementor-widget-heading\" data-id=\"5afb76c\" data-element_type=\"widget\" data-widget_type=\"heading.default\">\n\t\t\t\t<div class=\"elementor-widget-container\">\n\t\t\t\t\t<h2 class=\"elementor-heading-title elementor-size-default\">IRAIDE PASSOS DE SOUSA E\nPINHEIRO<\/h2>\t\t\t\t<\/div>\n\t\t\t\t<\/div>\n\t\t\t\t<div class=\"elementor-element elementor-element-6ba9d7c elementor-widget__width-initial elementor-star-rating-tablet--align-center elementor-widget-tablet__width-inherit elementor--star-style-star_fontawesome elementor-widget elementor-widget-star-rating\" data-id=\"6ba9d7c\" data-element_type=\"widget\" data-widget_type=\"star-rating.default\">\n\t\t\t\t<div class=\"elementor-widget-container\">\n\t\t\t\t\t\n\t\t<div class=\"elementor-star-rating__wrapper\">\n\t\t\t\t\t\t<div class=\"elementor-star-rating\" title=\"5\/5\" itemtype=\"http:\/\/schema.org\/Rating\" itemscope=\"\" itemprop=\"reviewRating\"><i class=\"elementor-star-full\">&#xE934;<\/i><i class=\"elementor-star-full\">&#xE934;<\/i><i class=\"elementor-star-full\">&#xE934;<\/i><i class=\"elementor-star-full\">&#xE934;<\/i><i class=\"elementor-star-full\">&#xE934;<\/i> <span itemprop=\"ratingValue\" class=\"elementor-screen-only\">5\/5<\/span><\/div>\t\t<\/div>\n\t\t\t\t\t\t<\/div>\n\t\t\t\t<\/div>\n\t\t\t\t<div class=\"elementor-element elementor-element-30163a0 elementor-widget__width-inherit elementor-widget elementor-widget-text-editor\" data-id=\"30163a0\" data-element_type=\"widget\" data-widget_type=\"text-editor.default\">\n\t\t\t\t<div class=\"elementor-widget-container\">\n\t\t\t\t\t\t\t\t\t<p class=\"p1\">Conheci o Dr. Luis Rog\u00e9rio da Silva Duarte em 1997, quando ele retornava de mais um curso de especializa\u00e7\u00e3o em implantologia dental \u2014 um tratamento ainda pouco conhecido em Salvador naquela \u00e9poca. Procurei-o para resolver um problema s\u00e9rio: dois dentes que estavam praticamente soltos. Fui recebida com enorme carinho, aten\u00e7\u00e3o e cuidado. Ap\u00f3s conversarmos bastante sobre os pr\u00f3s e contras, ficou decidido que o implante era a melhor recomenda\u00e7\u00e3o. Esse seria apenas o terceiro implante realizado pelo Dr. Rog\u00e9rio, mas, ainda assim, ele transmitiu tanta seguran\u00e7a que n\u00e3o tive d\u00favida de que estaria em \u00f3timas m\u00e3os. Durante a recupera\u00e7\u00e3o, recebi todo o acompanhamento necess\u00e1rio para que o processo fosse tranquilo e bem-sucedido. Alguns anos depois, precisei de outro implante. Mais uma vez, tudo correu perfeitamente. Agora, em 2025, por meio do Dr. Rog\u00e9rio, consegui realizar um grande sonho: a coloca\u00e7\u00e3o de tr\u00eas pequenos implantes no lugar onde antes eu usava uma pr\u00f3tese remov\u00edvel. Sonho realizado! A recupera\u00e7\u00e3o foi fant\u00e1stica. O que mais posso dizer sobre o Dr. Rog\u00e9rio? Apenas agradecer: pela compet\u00eancia, pela dedica\u00e7\u00e3o e pela busca constante de aperfei\u00e7oamento. Que Deus o aben\u00e7oe e que sua trajet\u00f3ria seja cada vez mais promissora.<\/p><p class=\"p1\"><strong>Obrigada, Dr. Rog\u00e9rio! Voc\u00ea devolveu o meu sorriso.<\/strong><\/p>\t\t\t\t\t\t\t\t<\/div>\n\t\t\t\t<\/div>\n\t\t\t\t\t<\/div>\n\t\t<\/div>\n\t\t\t\t<div class=\"elementor-column elementor-col-50 elementor-inner-column elementor-element elementor-element-56295cb\" data-id=\"56295cb\" data-element_type=\"column\" data-settings=\"{&quot;background_background&quot;:&quot;classic&quot;}\">\n\t\t\t<div class=\"elementor-widget-wrap elementor-element-populated\">\n\t\t\t\t\t\t<div class=\"elementor-element elementor-element-01c3078 elementor-widget elementor-widget-image\" data-id=\"01c3078\" data-element_type=\"widget\" data-widget_type=\"image.default\">\n\t\t\t\t<div class=\"elementor-widget-container\">\n\t\t\t\t\t\t\t\t\t\t\t\t\t\t\t<img fetchpriority=\"high\" decoding=\"async\" width=\"800\" height=\"800\" src=\"https:\/\/dreamfix.com.br\/renaissance\/wp-content\/uploads\/2023\/08\/aspas.jpg\" class=\"attachment-large size-large wp-image-3534\" alt=\"\" srcset=\"https:\/\/dreamfix.com.br\/renaissance\/wp-content\/uploads\/2023\/08\/aspas.jpg 920w, https:\/\/dreamfix.com.br\/renaissance\/wp-content\/uploads\/2023\/08\/aspas-300x300.jpg 300w, https:\/\/dreamfix.com.br\/renaissance\/wp-content\/uploads\/2023\/08\/aspas-150x150.jpg 150w, https:\/\/dreamfix.com.br\/renaissance\/wp-content\/uploads\/2023\/08\/aspas-768x768.jpg 768w\" sizes=\"(max-width: 800px) 100vw, 800px\" \/>\t\t\t\t\t\t\t\t\t\t\t\t\t\t\t<\/div>\n\t\t\t\t<\/div>\n\t\t\t\t<div class=\"elementor-element elementor-element-f063474 elementor-widget__width-inherit elementor-widget-tablet__width-inherit elementor-widget elementor-widget-heading\" data-id=\"f063474\" data-element_type=\"widget\" data-widget_type=\"heading.default\">\n\t\t\t\t<div class=\"elementor-widget-container\">\n\t\t\t\t\t<h2 class=\"elementor-heading-title elementor-size-default\">Iracema<\/h2>\t\t\t\t<\/div>\n\t\t\t\t<\/div>\n\t\t\t\t<div class=\"elementor-element elementor-element-b700e88 elementor-widget__width-initial elementor-star-rating-tablet--align-center elementor-widget-tablet__width-inherit elementor--star-style-star_fontawesome elementor-widget elementor-widget-star-rating\" data-id=\"b700e88\" data-element_type=\"widget\" data-widget_type=\"star-rating.default\">\n\t\t\t\t<div class=\"elementor-widget-container\">\n\t\t\t\t\t\n\t\t<div class=\"elementor-star-rating__wrapper\">\n\t\t\t\t\t\t<div class=\"elementor-star-rating\" title=\"5\/5\" itemtype=\"http:\/\/schema.org\/Rating\" itemscope=\"\" itemprop=\"reviewRating\"><i class=\"elementor-star-full\">&#xE934;<\/i><i class=\"elementor-star-full\">&#xE934;<\/i><i class=\"elementor-star-full\">&#xE934;<\/i><i class=\"elementor-star-full\">&#xE934;<\/i><i class=\"elementor-star-full\">&#xE934;<\/i> <span itemprop=\"ratingValue\" class=\"elementor-screen-only\">5\/5<\/span><\/div>\t\t<\/div>\n\t\t\t\t\t\t<\/div>\n\t\t\t\t<\/div>\n\t\t\t\t<div class=\"elementor-element elementor-element-bff821f elementor-widget__width-inherit elementor-widget elementor-widget-text-editor\" data-id=\"bff821f\" data-element_type=\"widget\" data-widget_type=\"text-editor.default\">\n\t\t\t\t<div class=\"elementor-widget-container\">\n\t\t\t\t\t\t\t\t\t<p>Eu sou Iracema, desde a adolesc\u00eancia tenho s\u00e9rios problemas ortod\u00f4nticos, que com o tempo foram se agravando. Na idade adulta, com dores e inflama\u00e7\u00f5es, procurei v\u00e1rios dentistas. Fiz uma cirurgia em 1990, com enxerto \u00f3sseo, tive uma infec\u00e7\u00e3o, perdendo assim o enxerto e a maior parte dos dentes. Foi muito triste. Fiquei usando pr\u00f3teses que n\u00e3o se adaptavam \u00e0 minha boca. Procurei por muito tempo um dentista que tivesse compet\u00eancia e experi\u00eancia para resolver o meu problema, muitos n\u00e3o quiseram se comprometer. At\u00e9 que me indicaram a Cl\u00ednica Renaissance e Dr. Lu\u00eds Rog\u00e9rio Duarte. Conversamos muito, tirei muitas d\u00favidas, depois de dois anos planejando realizei a cirurgia e o resultado foi um sucesso. Conquistei o meu sorriso depois de tanto tempo. Todo o processo cir\u00fargico foi muito tranquilo (pr\u00e9, durante e p\u00f3s-operat\u00f3rio), apesar da minha apreens\u00e3o e da complexidade da cirurgia. Agrade\u00e7o muito ao Dr. Lu\u00eds Rog\u00e9rio, Dr. Marcos R\u00e9gis e \u00e0s funcion\u00e1rias da cl\u00ednica pelo acolhimento e suporte necess\u00e1rio para o meu bem-estar. Ap\u00f3s 13 anos continuo com um resultado perfeito e sempre fa\u00e7o as manuten\u00e7\u00f5es necess\u00e1rias, tenho minha autoestima renovada e meu sorriso maravilhoso.<\/p>\t\t\t\t\t\t\t\t<\/div>\n\t\t\t\t<\/div>\n\t\t\t\t\t<\/div>\n\t\t<\/div>\n\t\t\t\t\t<\/div>\n\t\t<\/section>\n\t\t\t\t<section class=\"elementor-section elementor-inner-section elementor-element elementor-element-a6846a8 elementor-section-boxed elementor-section-height-default elementor-section-height-default\" data-id=\"a6846a8\" data-element_type=\"section\">\n\t\t\t\t\t\t<div class=\"elementor-container elementor-column-gap-extended\">\n\t\t\t\t\t<div class=\"elementor-column elementor-col-100 elementor-inner-column elementor-element elementor-element-7d6a8bc\" data-id=\"7d6a8bc\" data-element_type=\"column\" data-settings=\"{&quot;background_background&quot;:&quot;classic&quot;}\">\n\t\t\t<div class=\"elementor-widget-wrap elementor-element-populated\">\n\t\t\t\t\t\t<div class=\"elementor-element elementor-element-4075614 elementor-widget elementor-widget-image\" data-id=\"4075614\" data-element_type=\"widget\" data-widget_type=\"image.default\">\n\t\t\t\t<div class=\"elementor-widget-container\">\n\t\t\t\t\t\t\t\t\t\t\t\t\t\t\t<img fetchpriority=\"high\" decoding=\"async\" width=\"800\" height=\"800\" src=\"https:\/\/dreamfix.com.br\/renaissance\/wp-content\/uploads\/2023\/08\/aspas.jpg\" class=\"attachment-large size-large wp-image-3534\" alt=\"\" srcset=\"https:\/\/dreamfix.com.br\/renaissance\/wp-content\/uploads\/2023\/08\/aspas.jpg 920w, https:\/\/dreamfix.com.br\/renaissance\/wp-content\/uploads\/2023\/08\/aspas-300x300.jpg 300w, https:\/\/dreamfix.com.br\/renaissance\/wp-content\/uploads\/2023\/08\/aspas-150x150.jpg 150w, https:\/\/dreamfix.com.br\/renaissance\/wp-content\/uploads\/2023\/08\/aspas-768x768.jpg 768w\" sizes=\"(max-width: 800px) 100vw, 800px\" \/>\t\t\t\t\t\t\t\t\t\t\t\t\t\t\t<\/div>\n\t\t\t\t<\/div>\n\t\t\t\t<div class=\"elementor-element elementor-element-715fb89 elementor-widget__width-inherit elementor-widget-tablet__width-inherit elementor-widget elementor-widget-heading\" data-id=\"715fb89\" data-element_type=\"widget\" data-widget_type=\"heading.default\">\n\t\t\t\t<div class=\"elementor-widget-container\">\n\t\t\t\t\t<h2 class=\"elementor-heading-title elementor-size-default\">Caroline<\/h2>\t\t\t\t<\/div>\n\t\t\t\t<\/div>\n\t\t\t\t<div class=\"elementor-element elementor-element-ee4647b elementor-widget__width-initial elementor-star-rating-tablet--align-center elementor-widget-tablet__width-inherit elementor--star-style-star_fontawesome elementor-widget elementor-widget-star-rating\" data-id=\"ee4647b\" data-element_type=\"widget\" data-widget_type=\"star-rating.default\">\n\t\t\t\t<div class=\"elementor-widget-container\">\n\t\t\t\t\t\n\t\t<div class=\"elementor-star-rating__wrapper\">\n\t\t\t\t\t\t<div class=\"elementor-star-rating\" title=\"5\/5\" itemtype=\"http:\/\/schema.org\/Rating\" itemscope=\"\" itemprop=\"reviewRating\"><i class=\"elementor-star-full\">&#xE934;<\/i><i class=\"elementor-star-full\">&#xE934;<\/i><i class=\"elementor-star-full\">&#xE934;<\/i><i class=\"elementor-star-full\">&#xE934;<\/i><i class=\"elementor-star-full\">&#xE934;<\/i> <span itemprop=\"ratingValue\" class=\"elementor-screen-only\">5\/5<\/span><\/div>\t\t<\/div>\n\t\t\t\t\t\t<\/div>\n\t\t\t\t<\/div>\n\t\t\t\t<div class=\"elementor-element elementor-element-bf32164 elementor-widget__width-inherit elementor-widget elementor-widget-text-editor\" data-id=\"bf32164\" data-element_type=\"widget\" data-widget_type=\"text-editor.default\">\n\t\t\t\t<div class=\"elementor-widget-container\">\n\t\t\t\t\t\t\t\t\t<p>Sou paciente do Instituto Renaissence h\u00e1 alguns anos, mas minha hist\u00f3ria com a cl\u00ednica come\u00e7ou muito antes, atrav\u00e9s dos meus pais. Desde ent\u00e3o, pude acompanhar de perto o profissionalismo, a seriedade e a dedica\u00e7\u00e3o da equipe, valores que sempre admirei. Cada atendimento \u00e9 conduzido com cuidado, aten\u00e7\u00e3o aos detalhes e um carinho que faz toda a diferen\u00e7a. Os profissionais s\u00e3o de excelente qualidade, n\u00e3o apenas pela compet\u00eancia t\u00e9cnica, mas tamb\u00e9m pela humanidade e pelo respeito com que tratam cada pessoa que chega at\u00e9 eles. Sinto muita confian\u00e7a e gratid\u00e3o por todo o trabalho realizado, e \u00e9 por isso que continuarei escolhendo o Instituto Renaissence.<\/p>\t\t\t\t\t\t\t\t<\/div>\n\t\t\t\t<\/div>\n\t\t\t\t\t<\/div>\n\t\t<\/div>\n\t\t\t\t\t<\/div>\n\t\t<\/section>\n\t\t\t\t<section class=\"elementor-section elementor-inner-section elementor-element elementor-element-b4dfab8 elementor-section-boxed elementor-section-height-default elementor-section-height-default\" data-id=\"b4dfab8\" data-element_type=\"section\">\n\t\t\t\t\t\t<div class=\"elementor-container elementor-column-gap-extended\">\n\t\t\t\t\t<div class=\"elementor-column elementor-col-100 elementor-inner-column elementor-element elementor-element-68d5921\" data-id=\"68d5921\" data-element_type=\"column\" data-settings=\"{&quot;background_background&quot;:&quot;classic&quot;}\">\n\t\t\t<div class=\"elementor-widget-wrap elementor-element-populated\">\n\t\t\t\t\t\t<div class=\"elementor-element elementor-element-0c084d5 elementor-align-center elementor-mobile-align-left elementor-widget__width-inherit elementor-widget elementor-widget-button\" data-id=\"0c084d5\" data-element_type=\"widget\" data-widget_type=\"button.default\">\n\t\t\t\t<div class=\"elementor-widget-container\">\n\t\t\t\t\t\t\t\t\t<div class=\"elementor-button-wrapper\">\n\t\t\t\t\t<a class=\"elementor-button elementor-button-link elementor-size-sm\" href=\"https:\/\/dreamfix.com.br\/renaissance\/contato\/\">\n\t\t\t\t\t\t<span class=\"elementor-button-content-wrapper\">\n\t\t\t\t\t\t\t\t\t<span class=\"elementor-button-text\">Quero iniciar meu tratamento<\/span>\n\t\t\t\t\t<\/span>\n\t\t\t\t\t<\/a>\n\t\t\t\t<\/div>\n\t\t\t\t\t\t\t\t<\/div>\n\t\t\t\t<\/div>\n\t\t\t\t\t<\/div>\n\t\t<\/div>\n\t\t\t\t\t<\/div>\n\t\t<\/section>\n\t\t\t\t\t<\/div>\n\t\t<\/div>\n\t\t\t\t\t<\/div>\n\t\t<\/section>\n\t\t\t\t<section class=\"elementor-section elementor-top-section elementor-element elementor-element-9ca40e2 elementor-section-full_width elementor-hidden-desktop elementor-hidden-tablet elementor-hidden-mobile elementor-section-height-default elementor-section-height-default\" data-id=\"9ca40e2\" data-element_type=\"section\">\n\t\t\t\t\t\t<div class=\"elementor-container elementor-column-gap-default\">\n\t\t\t\t\t<div class=\"elementor-column elementor-col-100 elementor-top-column elementor-element elementor-element-a9f0d94\" data-id=\"a9f0d94\" data-element_type=\"column\">\n\t\t\t<div class=\"elementor-widget-wrap\">\n\t\t\t\t\t\t\t<\/div>\n\t\t<\/div>\n\t\t\t\t\t<\/div>\n\t\t<\/section>\n\t\t\t\t<\/div>\n\t\t","protected":false},"excerpt":{"rendered":"<p>Depoimentos Home &gt; depoimentos IRAIDE PASSOS DE SOUSA E PINHEIRO &#xE934;&#xE934;&#xE934;&#xE934;&#xE934; 5\/5 Conheci o Dr. Luis Rog\u00e9rio da Silva Duarte em 1997, quando ele retornava de mais um curso de especializa\u00e7\u00e3o em implantologia dental \u2014 um tratamento ainda pouco conhecido em Salvador naquela \u00e9poca. Procurei-o para resolver um problema s\u00e9rio: dois dentes que estavam praticamente [&hellip;]<\/p>\n","protected":false},"author":1,"featured_media":0,"parent":0,"menu_order":0,"comment_status":"closed","ping_status":"closed","template":"elementor_header_footer","meta":{"footnotes":""},"class_list":["post-2840","page","type-page","status-publish","hentry"],"_links":{"self":[{"href":"https:\/\/dreamfix.com.br\/renaissance\/wp-json\/wp\/v2\/pages\/2840","targetHints":{"allow":["GET"]}}],"collection":[{"href":"https:\/\/dreamfix.com.br\/renaissance\/wp-json\/wp\/v2\/pages"}],"about":[{"href":"https:\/\/dreamfix.com.br\/renaissance\/wp-json\/wp\/v2\/types\/page"}],"author":[{"embeddable":true,"href":"https:\/\/dreamfix.com.br\/renaissance\/wp-json\/wp\/v2\/users\/1"}],"replies":[{"embeddable":true,"href":"https:\/\/dreamfix.com.br\/renaissance\/wp-json\/wp\/v2\/comments?post=2840"}],"version-history":[{"count":73,"href":"https:\/\/dreamfix.com.br\/renaissance\/wp-json\/wp\/v2\/pages\/2840\/revisions"}],"predecessor-version":[{"id":4286,"href":"https:\/\/dreamfix.com.br\/renaissance\/wp-json\/wp\/v2\/pages\/2840\/revisions\/4286"}],"wp:attachment":[{"href":"https:\/\/dreamfix.com.br\/renaissance\/wp-json\/wp\/v2\/media?parent=2840"}],"curies":[{"name":"wp","href":"https:\/\/api.w.org\/{rel}","templated":true}]}}