{"id":1107,"date":"2023-01-11T17:39:27","date_gmt":"2023-01-11T17:39:27","guid":{"rendered":"https:\/\/dreamfix.com.br\/letshof\/?page_id=1107"},"modified":"2023-08-23T23:15:07","modified_gmt":"2023-08-23T23:15:07","slug":"quem-somos","status":"publish","type":"page","link":"https:\/\/dreamfix.com.br\/renaissance\/quem-somos\/","title":{"rendered":"Quem somos?"},"content":{"rendered":"\t\t<div data-elementor-type=\"wp-page\" data-elementor-id=\"1107\" class=\"elementor elementor-1107\" data-elementor-post-type=\"page\">\n\t\t\t\t\t\t<section class=\"elementor-section elementor-top-section elementor-element elementor-element-8c01e47 elementor-section-boxed elementor-section-height-default elementor-section-height-default\" data-id=\"8c01e47\" data-element_type=\"section\" data-settings=\"{&quot;background_background&quot;:&quot;classic&quot;}\">\n\t\t\t\t\t\t<div class=\"elementor-container elementor-column-gap-no\">\n\t\t\t\t\t<div class=\"elementor-column elementor-col-100 elementor-top-column elementor-element elementor-element-3a566e7\" data-id=\"3a566e7\" data-element_type=\"column\">\n\t\t\t<div class=\"elementor-widget-wrap elementor-element-populated\">\n\t\t\t\t\t\t<section class=\"elementor-section elementor-inner-section elementor-element elementor-element-0d40c77 elementor-section-boxed elementor-section-height-default elementor-section-height-default\" data-id=\"0d40c77\" data-element_type=\"section\">\n\t\t\t\t\t\t<div class=\"elementor-container elementor-column-gap-default\">\n\t\t\t\t\t<div class=\"elementor-column elementor-col-100 elementor-inner-column elementor-element elementor-element-a87d4b9\" data-id=\"a87d4b9\" data-element_type=\"column\">\n\t\t\t<div class=\"elementor-widget-wrap elementor-element-populated\">\n\t\t\t\t\t\t<div class=\"elementor-element elementor-element-6a0ec2c elementor-widget__width-initial elementor-widget-tablet__width-inherit elementor-widget-mobile__width-inherit elementor-widget elementor-widget-heading\" data-id=\"6a0ec2c\" data-element_type=\"widget\" data-widget_type=\"heading.default\">\n\t\t\t\t<div class=\"elementor-widget-container\">\n\t\t\t\t\t<h2 class=\"elementor-heading-title elementor-size-default\">Quem somos?<\/h2>\t\t\t\t<\/div>\n\t\t\t\t<\/div>\n\t\t\t\t<div class=\"elementor-element elementor-element-ddf8d1a elementor-widget__width-initial elementor-widget-tablet__width-inherit elementor-widget-mobile__width-inherit elementor-widget elementor-widget-heading\" data-id=\"ddf8d1a\" data-element_type=\"widget\" data-widget_type=\"heading.default\">\n\t\t\t\t<div class=\"elementor-widget-container\">\n\t\t\t\t\t<h2 class=\"elementor-heading-title elementor-size-default\">Home &gt; quem somos?<\/h2>\t\t\t\t<\/div>\n\t\t\t\t<\/div>\n\t\t\t\t\t<\/div>\n\t\t<\/div>\n\t\t\t\t\t<\/div>\n\t\t<\/section>\n\t\t\t\t\t<\/div>\n\t\t<\/div>\n\t\t\t\t\t<\/div>\n\t\t<\/section>\n\t\t\t\t<section class=\"elementor-section elementor-top-section elementor-element elementor-element-fb9c36a elementor-section-boxed elementor-section-height-default elementor-section-height-default\" data-id=\"fb9c36a\" data-element_type=\"section\" data-settings=\"{&quot;background_background&quot;:&quot;classic&quot;}\">\n\t\t\t\t\t\t\t<div class=\"elementor-background-overlay\"><\/div>\n\t\t\t\t\t\t\t<div class=\"elementor-container elementor-column-gap-default\">\n\t\t\t\t\t<div class=\"elementor-column elementor-col-50 elementor-top-column elementor-element elementor-element-d0a91fd\" data-id=\"d0a91fd\" data-element_type=\"column\" data-settings=\"{&quot;background_background&quot;:&quot;classic&quot;}\">\n\t\t\t<div class=\"elementor-widget-wrap elementor-element-populated\">\n\t\t\t\t\t\t<div class=\"elementor-element elementor-element-a261631 elementor-widget elementor-widget-image\" data-id=\"a261631\" data-element_type=\"widget\" data-widget_type=\"image.default\">\n\t\t\t\t<div class=\"elementor-widget-container\">\n\t\t\t\t\t\t\t\t\t\t\t\t\t\t\t<img fetchpriority=\"high\" decoding=\"async\" width=\"800\" height=\"600\" src=\"https:\/\/dreamfix.com.br\/renaissance\/wp-content\/uploads\/2023\/08\/implante-6.jpg\" class=\"attachment-full size-full wp-image-4098\" alt=\"\" srcset=\"https:\/\/dreamfix.com.br\/renaissance\/wp-content\/uploads\/2023\/08\/implante-6.jpg 800w, https:\/\/dreamfix.com.br\/renaissance\/wp-content\/uploads\/2023\/08\/implante-6-300x225.jpg 300w, https:\/\/dreamfix.com.br\/renaissance\/wp-content\/uploads\/2023\/08\/implante-6-768x576.jpg 768w\" sizes=\"(max-width: 800px) 100vw, 800px\" \/>\t\t\t\t\t\t\t\t\t\t\t\t\t\t\t<\/div>\n\t\t\t\t<\/div>\n\t\t\t\t\t<\/div>\n\t\t<\/div>\n\t\t\t\t<div class=\"elementor-column elementor-col-50 elementor-top-column elementor-element elementor-element-cbe6457\" data-id=\"cbe6457\" data-element_type=\"column\" data-settings=\"{&quot;background_background&quot;:&quot;classic&quot;}\">\n\t\t\t<div class=\"elementor-widget-wrap elementor-element-populated\">\n\t\t\t\t\t\t<div class=\"elementor-element elementor-element-db82a16 elementor-widget__width-inherit elementor-widget elementor-widget-heading\" data-id=\"db82a16\" data-element_type=\"widget\" data-widget_type=\"heading.default\">\n\t\t\t\t<div class=\"elementor-widget-container\">\n\t\t\t\t\t<h1 class=\"elementor-heading-title elementor-size-default\">Transformar sorrisos \u00e9 escrever novas hist\u00f3rias<\/h1>\t\t\t\t<\/div>\n\t\t\t\t<\/div>\n\t\t\t\t<div class=\"elementor-element elementor-element-d0b74f8 elementor-widget__width-inherit elementor-widget elementor-widget-text-editor\" data-id=\"d0b74f8\" data-element_type=\"widget\" data-widget_type=\"text-editor.default\">\n\t\t\t\t<div class=\"elementor-widget-container\">\n\t\t\t\t\t\t\t\t\t<p><strong>Bem-vindo \u00e0 Cl\u00ednica Odontol\u00f3gica Renaissance em Salvador!<\/strong> Oferecemos cuidados odontol\u00f3gicos de qualidade, combinando a mais recente tecnologia com uma abordagem humanizada.<\/p><p>Na Cl\u00ednica Renaissance, acreditamos que<strong> cada paciente merece aten\u00e7\u00e3o individualizada.<\/strong> Nossa equipe \u00e9 apaixonada por proporcionar um ambiente acolhedor e confort\u00e1vel, onde voc\u00ea pode receber o tratamento odontol\u00f3gico de que precisa. Com anos de experi\u00eancia em diversas \u00e1reas da odontologia, estamos comprometidos em restaurar e real\u00e7ar os sorrisos dos nossos pacientes.<\/p>\t\t\t\t\t\t\t\t<\/div>\n\t\t\t\t<\/div>\n\t\t\t\t\t<\/div>\n\t\t<\/div>\n\t\t\t\t\t<\/div>\n\t\t<\/section>\n\t\t\t\t<section class=\"elementor-section elementor-top-section elementor-element elementor-element-109a71c elementor-section-boxed elementor-section-height-default elementor-section-height-default\" data-id=\"109a71c\" data-element_type=\"section\" data-settings=\"{&quot;background_background&quot;:&quot;classic&quot;}\">\n\t\t\t\t\t\t<div class=\"elementor-container elementor-column-gap-no\">\n\t\t\t\t\t<div class=\"elementor-column elementor-col-100 elementor-top-column elementor-element elementor-element-656e219\" data-id=\"656e219\" data-element_type=\"column\">\n\t\t\t<div class=\"elementor-widget-wrap elementor-element-populated\">\n\t\t\t\t\t\t<section class=\"elementor-section elementor-inner-section elementor-element elementor-element-78c2b61 elementor-section-boxed elementor-section-height-default elementor-section-height-default\" data-id=\"78c2b61\" data-element_type=\"section\">\n\t\t\t\t\t\t<div class=\"elementor-container elementor-column-gap-no\">\n\t\t\t\t\t<div class=\"elementor-column elementor-col-33 elementor-inner-column elementor-element elementor-element-7a08bff\" data-id=\"7a08bff\" data-element_type=\"column\">\n\t\t\t<div class=\"elementor-widget-wrap elementor-element-populated\">\n\t\t\t\t\t\t<div class=\"elementor-element elementor-element-f20d761 elementor-widget elementor-widget-image\" data-id=\"f20d761\" data-element_type=\"widget\" data-widget_type=\"image.default\">\n\t\t\t\t<div class=\"elementor-widget-container\">\n\t\t\t\t\t\t\t\t\t\t\t\t\t\t\t<img decoding=\"async\" width=\"225\" height=\"225\" src=\"https:\/\/dreamfix.com.br\/renaissance\/wp-content\/uploads\/2023\/08\/download.png\" class=\"attachment-large size-large wp-image-4120\" alt=\"\" srcset=\"https:\/\/dreamfix.com.br\/renaissance\/wp-content\/uploads\/2023\/08\/download.png 225w, https:\/\/dreamfix.com.br\/renaissance\/wp-content\/uploads\/2023\/08\/download-150x150.png 150w\" sizes=\"(max-width: 225px) 100vw, 225px\" \/>\t\t\t\t\t\t\t\t\t\t\t\t\t\t\t<\/div>\n\t\t\t\t<\/div>\n\t\t\t\t<div class=\"elementor-element elementor-element-6fdaa2b elementor-widget__width-inherit elementor-widget elementor-widget-heading\" data-id=\"6fdaa2b\" data-element_type=\"widget\" data-widget_type=\"heading.default\">\n\t\t\t\t<div class=\"elementor-widget-container\">\n\t\t\t\t\t<h2 class=\"elementor-heading-title elementor-size-default\">Dr. Lu\u00eds Rog\u00e9rio Duarte<\/h2>\t\t\t\t<\/div>\n\t\t\t\t<\/div>\n\t\t\t\t<div class=\"elementor-element elementor-element-d1a36be elementor-widget-divider--view-line elementor-widget elementor-widget-divider\" data-id=\"d1a36be\" data-element_type=\"widget\" data-widget_type=\"divider.default\">\n\t\t\t\t<div class=\"elementor-widget-container\">\n\t\t\t\t\t\t\t<div class=\"elementor-divider\">\n\t\t\t<span class=\"elementor-divider-separator\">\n\t\t\t\t\t\t<\/span>\n\t\t<\/div>\n\t\t\t\t\t\t<\/div>\n\t\t\t\t<\/div>\n\t\t\t\t<div class=\"elementor-element elementor-element-f88fd1b elementor-widget__width-inherit elementor-widget elementor-widget-text-editor\" data-id=\"f88fd1b\" data-element_type=\"widget\" data-widget_type=\"text-editor.default\">\n\t\t\t\t<div class=\"elementor-widget-container\">\n\t\t\t\t\t\t\t\t\t<p class=\"p1\">Seu extenso conhecimento e experi\u00eancia abrangem uma variedade de procedimentos especializados, desde adapta\u00e7\u00e3o de lentes de contato at\u00e9 cirurgias avan\u00e7adas. Al\u00e9m disso, sua abordagem compassiva e atenciosa <strong>garante que voc\u00ea receba um atendimento personalizado e individualizado,<\/strong> proporcionando resultados visuais excelentes e uma jornada de tratamento tranquila.<span class=\"Apple-converted-space\">\u00a0<\/span><\/p>\t\t\t\t\t\t\t\t<\/div>\n\t\t\t\t<\/div>\n\t\t\t\t\t<\/div>\n\t\t<\/div>\n\t\t\t\t<div class=\"elementor-column elementor-col-33 elementor-inner-column elementor-element elementor-element-2dfe2c6\" data-id=\"2dfe2c6\" data-element_type=\"column\">\n\t\t\t<div class=\"elementor-widget-wrap elementor-element-populated\">\n\t\t\t\t\t\t<div class=\"elementor-element elementor-element-c98fddc elementor-widget elementor-widget-image\" data-id=\"c98fddc\" data-element_type=\"widget\" data-widget_type=\"image.default\">\n\t\t\t\t<div class=\"elementor-widget-container\">\n\t\t\t\t\t\t\t\t\t\t\t\t\t\t\t<img decoding=\"async\" width=\"225\" height=\"225\" src=\"https:\/\/dreamfix.com.br\/renaissance\/wp-content\/uploads\/2023\/08\/download.png\" class=\"attachment-large size-large wp-image-4120\" alt=\"\" srcset=\"https:\/\/dreamfix.com.br\/renaissance\/wp-content\/uploads\/2023\/08\/download.png 225w, https:\/\/dreamfix.com.br\/renaissance\/wp-content\/uploads\/2023\/08\/download-150x150.png 150w\" sizes=\"(max-width: 225px) 100vw, 225px\" \/>\t\t\t\t\t\t\t\t\t\t\t\t\t\t\t<\/div>\n\t\t\t\t<\/div>\n\t\t\t\t<div class=\"elementor-element elementor-element-e3780e0 elementor-widget__width-inherit elementor-widget elementor-widget-heading\" data-id=\"e3780e0\" data-element_type=\"widget\" data-widget_type=\"heading.default\">\n\t\t\t\t<div class=\"elementor-widget-container\">\n\t\t\t\t\t<h2 class=\"elementor-heading-title elementor-size-default\">Dr. Mauro Regis<\/h2>\t\t\t\t<\/div>\n\t\t\t\t<\/div>\n\t\t\t\t<div class=\"elementor-element elementor-element-a53cbb1 elementor-widget-divider--view-line elementor-widget elementor-widget-divider\" data-id=\"a53cbb1\" data-element_type=\"widget\" data-widget_type=\"divider.default\">\n\t\t\t\t<div class=\"elementor-widget-container\">\n\t\t\t\t\t\t\t<div class=\"elementor-divider\">\n\t\t\t<span class=\"elementor-divider-separator\">\n\t\t\t\t\t\t<\/span>\n\t\t<\/div>\n\t\t\t\t\t\t<\/div>\n\t\t\t\t<\/div>\n\t\t\t\t<div class=\"elementor-element elementor-element-b5e1f7e elementor-widget__width-inherit elementor-widget elementor-widget-text-editor\" data-id=\"b5e1f7e\" data-element_type=\"widget\" data-widget_type=\"text-editor.default\">\n\t\t\t\t<div class=\"elementor-widget-container\">\n\t\t\t\t\t\t\t\t\t<p class=\"p1\">Seu extenso conhecimento e experi\u00eancia abrangem uma variedade de procedimentos especializados, desde adapta\u00e7\u00e3o de lentes de contato at\u00e9 cirurgias avan\u00e7adas. Al\u00e9m disso, sua abordagem compassiva e atenciosa <strong>garante que voc\u00ea receba um atendimento personalizado e individualizado,<\/strong> proporcionando resultados visuais excelentes e uma jornada de tratamento tranquila.<span class=\"Apple-converted-space\">\u00a0<\/span><\/p>\t\t\t\t\t\t\t\t<\/div>\n\t\t\t\t<\/div>\n\t\t\t\t\t<\/div>\n\t\t<\/div>\n\t\t\t\t<div class=\"elementor-column elementor-col-33 elementor-inner-column elementor-element elementor-element-6172d96\" data-id=\"6172d96\" data-element_type=\"column\">\n\t\t\t<div class=\"elementor-widget-wrap elementor-element-populated\">\n\t\t\t\t\t\t<div class=\"elementor-element elementor-element-9272eba elementor-widget elementor-widget-image\" data-id=\"9272eba\" data-element_type=\"widget\" data-widget_type=\"image.default\">\n\t\t\t\t<div class=\"elementor-widget-container\">\n\t\t\t\t\t\t\t\t\t\t\t\t\t\t\t<img decoding=\"async\" width=\"225\" height=\"225\" src=\"https:\/\/dreamfix.com.br\/renaissance\/wp-content\/uploads\/2023\/08\/download.png\" class=\"attachment-large size-large wp-image-4120\" alt=\"\" srcset=\"https:\/\/dreamfix.com.br\/renaissance\/wp-content\/uploads\/2023\/08\/download.png 225w, https:\/\/dreamfix.com.br\/renaissance\/wp-content\/uploads\/2023\/08\/download-150x150.png 150w\" sizes=\"(max-width: 225px) 100vw, 225px\" \/>\t\t\t\t\t\t\t\t\t\t\t\t\t\t\t<\/div>\n\t\t\t\t<\/div>\n\t\t\t\t<div class=\"elementor-element elementor-element-01825bd elementor-widget__width-inherit elementor-widget elementor-widget-heading\" data-id=\"01825bd\" data-element_type=\"widget\" data-widget_type=\"heading.default\">\n\t\t\t\t<div class=\"elementor-widget-container\">\n\t\t\t\t\t<h2 class=\"elementor-heading-title elementor-size-default\">Dr. F\u00e1bio Freire<\/h2>\t\t\t\t<\/div>\n\t\t\t\t<\/div>\n\t\t\t\t<div class=\"elementor-element elementor-element-3ac99d6 elementor-widget-divider--view-line elementor-widget elementor-widget-divider\" data-id=\"3ac99d6\" data-element_type=\"widget\" data-widget_type=\"divider.default\">\n\t\t\t\t<div class=\"elementor-widget-container\">\n\t\t\t\t\t\t\t<div class=\"elementor-divider\">\n\t\t\t<span class=\"elementor-divider-separator\">\n\t\t\t\t\t\t<\/span>\n\t\t<\/div>\n\t\t\t\t\t\t<\/div>\n\t\t\t\t<\/div>\n\t\t\t\t<div class=\"elementor-element elementor-element-c9a31be elementor-widget__width-inherit elementor-widget elementor-widget-text-editor\" data-id=\"c9a31be\" data-element_type=\"widget\" data-widget_type=\"text-editor.default\">\n\t\t\t\t<div class=\"elementor-widget-container\">\n\t\t\t\t\t\t\t\t\t<p class=\"p1\">Seu extenso conhecimento e experi\u00eancia abrangem uma variedade de procedimentos especializados, desde adapta\u00e7\u00e3o de lentes de contato at\u00e9 cirurgias avan\u00e7adas. Al\u00e9m disso, sua abordagem compassiva e atenciosa <strong>garante que voc\u00ea receba um atendimento personalizado e individualizado,<\/strong> proporcionando resultados visuais excelentes e uma jornada de tratamento tranquila.<span class=\"Apple-converted-space\">\u00a0<\/span><\/p>\t\t\t\t\t\t\t\t<\/div>\n\t\t\t\t<\/div>\n\t\t\t\t\t<\/div>\n\t\t<\/div>\n\t\t\t\t\t<\/div>\n\t\t<\/section>\n\t\t\t\t\t<\/div>\n\t\t<\/div>\n\t\t\t\t\t<\/div>\n\t\t<\/section>\n\t\t\t\t<section class=\"elementor-section elementor-top-section elementor-element elementor-element-5a3f097 elementor-section-boxed elementor-section-height-default elementor-section-height-default\" data-id=\"5a3f097\" data-element_type=\"section\" data-settings=\"{&quot;background_background&quot;:&quot;classic&quot;}\">\n\t\t\t\t\t\t<div class=\"elementor-container elementor-column-gap-no\">\n\t\t\t\t\t<div class=\"elementor-column elementor-col-100 elementor-top-column elementor-element elementor-element-dd1749a\" data-id=\"dd1749a\" data-element_type=\"column\">\n\t\t\t<div class=\"elementor-widget-wrap elementor-element-populated\">\n\t\t\t\t\t\t<section class=\"elementor-section elementor-inner-section elementor-element elementor-element-7756f9e elementor-section-boxed elementor-section-height-default elementor-section-height-default\" data-id=\"7756f9e\" data-element_type=\"section\">\n\t\t\t\t\t\t<div class=\"elementor-container elementor-column-gap-no\">\n\t\t\t\t\t<div class=\"elementor-column elementor-col-100 elementor-inner-column elementor-element elementor-element-7409c3b\" data-id=\"7409c3b\" data-element_type=\"column\">\n\t\t\t<div class=\"elementor-widget-wrap elementor-element-populated\">\n\t\t\t\t\t\t<div class=\"elementor-element elementor-element-3d64e47 elementor-widget__width-inherit elementor-widget elementor-widget-heading\" data-id=\"3d64e47\" data-element_type=\"widget\" data-widget_type=\"heading.default\">\n\t\t\t\t<div class=\"elementor-widget-container\">\n\t\t\t\t\t<h2 class=\"elementor-heading-title elementor-size-default\">Por que iniciar o seu tratamento na cl\u00ednica Renaissance?<\/h2>\t\t\t\t<\/div>\n\t\t\t\t<\/div>\n\t\t\t\t<div class=\"elementor-element elementor-element-38ec78e elementor-widget-divider--view-line elementor-widget elementor-widget-divider\" data-id=\"38ec78e\" data-element_type=\"widget\" data-widget_type=\"divider.default\">\n\t\t\t\t<div class=\"elementor-widget-container\">\n\t\t\t\t\t\t\t<div class=\"elementor-divider\">\n\t\t\t<span class=\"elementor-divider-separator\">\n\t\t\t\t\t\t<\/span>\n\t\t<\/div>\n\t\t\t\t\t\t<\/div>\n\t\t\t\t<\/div>\n\t\t\t\t<div class=\"elementor-element elementor-element-054ba00 elementor-widget__width-inherit elementor-widget elementor-widget-text-editor\" data-id=\"054ba00\" data-element_type=\"widget\" data-widget_type=\"text-editor.default\">\n\t\t\t\t<div class=\"elementor-widget-container\">\n\t\t\t\t\t\t\t\t\t<p class=\"p1\">Iniciar o seu tratamento na Cl\u00ednica Renaissance significa escolher um cuidado excepcional e personalizado. Com uma equipe dedicada, tecnologia de ponta e um compromisso inabal\u00e1vel com a excel\u00eancia, oferecemos uma experi\u00eancia odontol\u00f3gica que valoriza sua sa\u00fade bucal e a beleza do seu sorriso. Sua jornada para um sorriso saud\u00e1vel e radiante come\u00e7a aqui, onde cada passo \u00e9 guiado pela aten\u00e7\u00e3o meticulosa que voc\u00ea merece.<\/p>\t\t\t\t\t\t\t\t<\/div>\n\t\t\t\t<\/div>\n\t\t\t\t<div class=\"elementor-element elementor-element-cede3a7 elementor-align-center elementor-mobile-align-left elementor-widget__width-initial elementor-widget-mobile__width-inherit elementor-widget elementor-widget-button\" data-id=\"cede3a7\" data-element_type=\"widget\" data-widget_type=\"button.default\">\n\t\t\t\t<div class=\"elementor-widget-container\">\n\t\t\t\t\t\t\t\t\t<div class=\"elementor-button-wrapper\">\n\t\t\t\t\t<a class=\"elementor-button elementor-button-link elementor-size-sm\" href=\"https:\/\/dreamfix.com.br\/renaissance\/contato\/\">\n\t\t\t\t\t\t<span class=\"elementor-button-content-wrapper\">\n\t\t\t\t\t\t\t\t\t<span class=\"elementor-button-text\">Quero iniciar meu tratamento<\/span>\n\t\t\t\t\t<\/span>\n\t\t\t\t\t<\/a>\n\t\t\t\t<\/div>\n\t\t\t\t\t\t\t\t<\/div>\n\t\t\t\t<\/div>\n\t\t\t\t\t<\/div>\n\t\t<\/div>\n\t\t\t\t\t<\/div>\n\t\t<\/section>\n\t\t\t\t\t<\/div>\n\t\t<\/div>\n\t\t\t\t\t<\/div>\n\t\t<\/section>\n\t\t\t\t<\/div>\n\t\t","protected":false},"excerpt":{"rendered":"<p>Quem somos? Home &gt; quem somos? Transformar sorrisos \u00e9 escrever novas hist\u00f3rias Bem-vindo \u00e0 Cl\u00ednica Odontol\u00f3gica Renaissance em Salvador! Oferecemos cuidados odontol\u00f3gicos de qualidade, combinando a mais recente tecnologia com uma abordagem humanizada. Na Cl\u00ednica Renaissance, acreditamos que cada paciente merece aten\u00e7\u00e3o individualizada. Nossa equipe \u00e9 apaixonada por proporcionar um ambiente acolhedor e confort\u00e1vel, onde [&hellip;]<\/p>\n","protected":false},"author":1,"featured_media":0,"parent":0,"menu_order":0,"comment_status":"closed","ping_status":"closed","template":"elementor_header_footer","meta":{"footnotes":""},"class_list":["post-1107","page","type-page","status-publish","hentry"],"_links":{"self":[{"href":"https:\/\/dreamfix.com.br\/renaissance\/wp-json\/wp\/v2\/pages\/1107","targetHints":{"allow":["GET"]}}],"collection":[{"href":"https:\/\/dreamfix.com.br\/renaissance\/wp-json\/wp\/v2\/pages"}],"about":[{"href":"https:\/\/dreamfix.com.br\/renaissance\/wp-json\/wp\/v2\/types\/page"}],"author":[{"embeddable":true,"href":"https:\/\/dreamfix.com.br\/renaissance\/wp-json\/wp\/v2\/users\/1"}],"replies":[{"embeddable":true,"href":"https:\/\/dreamfix.com.br\/renaissance\/wp-json\/wp\/v2\/comments?post=1107"}],"version-history":[{"count":220,"href":"https:\/\/dreamfix.com.br\/renaissance\/wp-json\/wp\/v2\/pages\/1107\/revisions"}],"predecessor-version":[{"id":4246,"href":"https:\/\/dreamfix.com.br\/renaissance\/wp-json\/wp\/v2\/pages\/1107\/revisions\/4246"}],"wp:attachment":[{"href":"https:\/\/dreamfix.com.br\/renaissance\/wp-json\/wp\/v2\/media?parent=1107"}],"curies":[{"name":"wp","href":"https:\/\/api.w.org\/{rel}","templated":true}]}}